{"id":6678,"date":"2021-04-15T09:57:57","date_gmt":"2021-04-15T06:57:57","guid":{"rendered":"http:\/\/kashifsofa.com\/?page_id=6678"},"modified":"2025-03-06T13:27:52","modified_gmt":"2025-03-06T10:27:52","slug":"about-us","status":"publish","type":"page","link":"https:\/\/kashifsofa.com\/en\/about-us\/","title":{"rendered":"About Us"},"content":{"rendered":"<section class=\"wpb-content-wrapper\"><p>[vc_row full_width=&#8221;stretch_row_content&#8221; content_placement=&#8221;middle&#8221;][vc_column width=&#8221;2\/3&#8243;][vc_gallery type=&#8221;flexslider_slide&#8221; interval=&#8221;3&#8243; images=&#8221;752,753,754,755&#8243; img_size=&#8221;full&#8221; onclick=&#8221;&#8221;][\/vc_column][vc_column width=&#8221;1\/3&#8243; css=&#8221;.vc_custom_1618470037903{margin-right: 50px !important;margin-left: 50px !important;}&#8221;][vc_custom_heading text=&#8221;Kashif Sofa&#8221; font_container=&#8221;tag:h2|font_size:36px|text_align:left&#8221; use_theme_fonts=&#8221;yes&#8221; css=&#8221;.vc_custom_1618469862097{margin-bottom: 20px !important;}&#8221;]<span class=\"konte-dash text-default   \"><span class=\"konte-dash__line\"><\/span><\/span>[vc_column_text]1976 y\u0131l\u0131nda kurulan SOFA, sevgi ve s\u0131k\u0131 \u00e7al\u0131\u015fmayla \u0130stanbul sanat ortam\u0131n\u0131n se\u00e7kin \u201cantika\u201d sat\u0131c\u0131lar\u0131ndan biri haline geldi.<\/p>\n<p>SOFA&#8217;n\u0131n amac\u0131 her zaman se\u00e7kin, e\u015fsiz, geni\u015f bir grav\u00fcr ve di\u011fer bas\u0131l\u0131 eser yelpazesi sunmak olmu\u015ftur. Tak\u0131, cam, alt\u0131n ve g\u00fcm\u00fc\u015f e\u015fyalar ile minyat\u00fcr ve kaligrafi, fayans, seramik ve mozaikler; resimler, reprod\u00fcksiyonlar; m\u00fch\u00fcrler; tekstil, nak\u0131\u015f ve i\u011fne i\u015fi \u00fcr\u00fcnlerini d\u00fcnyan\u0131n d\u00f6rt bir yan\u0131ndaki m\u00fc\u015fterilerimize sunuyoruz.<\/p>\n<p>SOFA&#8217;n\u0131n tekliflerinin tabi tutuldu\u011fu de\u011ferlendirme, al\u0131c\u0131n\u0131n estetik anlay\u0131\u015f\u0131ndan ve yerel k\u00fclt\u00fcr ile esere olan talepten kaynaklanmaktad\u0131r. Geni\u015f anlamda sanatseverin bak\u0131\u015f a\u00e7\u0131s\u0131n\u0131n de\u011fi\u015fmesi ka\u00e7\u0131n\u0131lmazd\u0131r. SOFA, sanat objesinin ve onun yarat\u0131c\u0131s\u0131n\u0131n \u00e7a\u011f\u0131na dair daha derin bir i\u00e7g\u00f6r\u00fc geli\u015ftirir. B\u00f6yle bir s\u00fcreci ba\u015flatmak SOFA&#8217;n\u0131n her zaman y\u00fcksek tuttu\u011fu bir hedeftir.[\/vc_column_text][\/vc_column][\/vc_row]<\/p>\n<\/section>","protected":false},"excerpt":{"rendered":"<p>[vc_row full_width=&#8221;stretch_row_content&#8221; content_placement=&#8221;middle&#8221;][vc_column width=&#8221;2\/3&#8243;][vc_gallery type=&#8221;flexslider_slide&#8221; interval=&#8221;3&#8243; images=&#8221;752,753,754,755&#8243; img_size=&#8221;full&#8221; onclick=&#8221;&#8221;][\/vc_column][vc_column width=&#8221;1\/3&#8243; css=&#8221;.vc_custom_1618470037903{margin-right: 50px !important;margin-left: 50px !important;}&#8221;][vc_custom_heading text=&#8221;Kashif Sofa&#8221; font_container=&#8221;tag:h2|font_size:36px|text_align:left&#8221; use_theme_fonts=&#8221;yes&#8221; css=&#8221;.vc_custom_1618469862097{margin-bottom: 20px !important;}&#8221;][vc_column_text]1976 y\u0131l\u0131nda kurulan SOFA, sevgi ve s\u0131k\u0131 \u00e7al\u0131\u015fmayla \u0130stanbul&hellip;<\/p>\n","protected":false},"author":1,"featured_media":0,"parent":0,"menu_order":0,"comment_status":"closed","ping_status":"closed","template":"","meta":{"footnotes":""},"class_list":["post-6678","page","type-page","status-publish","hentry"],"_links":{"self":[{"href":"https:\/\/kashifsofa.com\/en\/wp-json\/wp\/v2\/pages\/6678","targetHints":{"allow":["GET"]}}],"collection":[{"href":"https:\/\/kashifsofa.com\/en\/wp-json\/wp\/v2\/pages"}],"about":[{"href":"https:\/\/kashifsofa.com\/en\/wp-json\/wp\/v2\/types\/page"}],"author":[{"embeddable":true,"href":"https:\/\/kashifsofa.com\/en\/wp-json\/wp\/v2\/users\/1"}],"replies":[{"embeddable":true,"href":"https:\/\/kashifsofa.com\/en\/wp-json\/wp\/v2\/comments?post=6678"}],"version-history":[{"count":8,"href":"https:\/\/kashifsofa.com\/en\/wp-json\/wp\/v2\/pages\/6678\/revisions"}],"predecessor-version":[{"id":11695,"href":"https:\/\/kashifsofa.com\/en\/wp-json\/wp\/v2\/pages\/6678\/revisions\/11695"}],"wp:attachment":[{"href":"https:\/\/kashifsofa.com\/en\/wp-json\/wp\/v2\/media?parent=6678"}],"curies":[{"name":"wp","href":"https:\/\/api.w.org\/{rel}","templated":true}]}}