{"id":6762,"date":"2022-10-31T13:27:45","date_gmt":"2022-10-31T10:27:45","guid":{"rendered":"http:\/\/kashifsofa.com\/?page_id=6762"},"modified":"2022-10-31T13:28:57","modified_gmt":"2022-10-31T10:28:57","slug":"contact","status":"publish","type":"page","link":"https:\/\/kashifsofa.com\/en\/contact\/","title":{"rendered":"Contact"},"content":{"rendered":"<section class=\"wpb-content-wrapper\"><p>[vc_row full_width=&#8221;stretch_row_content_no_spaces&#8221;][vc_column][vc_column_text]<iframe loading=\"lazy\" style=\"border: 0;\" src=\"https:\/\/www.google.com\/maps\/embed?pb=!1m14!1m8!1m3!1d6019.739725319364!2d28.976525!3d41.028103!3m2!1i1024!2i768!4f13.1!3m3!1m2!1s0x0%3A0x92f8e0906764f48e!2sSofa!5e0!3m2!1str!2str!4v1618400340879!5m2!1str!2str\" width=\"100%\" height=\"600\" allowfullscreen=\"allowfullscreen\" data-mce-fragment=\"1\"><\/iframe>[\/vc_column_text][\/vc_column][\/vc_row][vc_row][vc_column width=&#8221;1\/2&#8243; css=&#8221;.vc_custom_1618400832805{margin: 30px !important;}&#8221;][vc_custom_heading text=&#8221;Contact&#8221; font_container=&#8221;tag:h2|font_size:36px|text_align:left&#8221; use_theme_fonts=&#8221;yes&#8221;]<span class=\"konte-dash text-default   \"><span class=\"konte-dash__line\"><\/span><\/span><div class=\"konte-info-list \"><ul><li class=\"\">\n\t\t\t\t\t<span class=\"info-name\">Address<\/span>\n\t\t\t\t\t<span class=\"info-value\">Sofa Art &amp; Antiques \u015eahkulu Seraskerci \u00c7k. No:2 34421 Beyo\u011flu\/\u0130stanbul Turkey<\/span>\n\t\t\t\t<\/li><li class=\"\">\n\t\t\t\t\t<span class=\"info-name\">Phone<\/span>\n\t\t\t\t\t<span class=\"info-value\">+90 212 520 28 50 \/ +90 212 520 2850 \/ Fax: +90 212 520 2851<\/span>\n\t\t\t\t<\/li><li class=\"\">\n\t\t\t\t\t<span class=\"info-name\">Email<\/span>\n\t\t\t\t\t<span class=\"info-value\"><a href=\"mailto:kasif@kashifsofa.com\" class=\"konte-info-list__email-link\">kasif@kashifsofa.com<\/a><\/span>\n\t\t\t\t<\/li><\/ul><\/div>[\/vc_column][vc_column width=&#8221;1\/2&#8243; css=&#8221;.vc_custom_1618400839725{margin: 30px !important;}&#8221;][vc_custom_heading text=&#8221;Contact Us&#8221; font_container=&#8221;tag:h2|font_size:36px|text_align:left&#8221; use_theme_fonts=&#8221;yes&#8221;]<span class=\"konte-dash text-default   \"><span class=\"konte-dash__line\"><\/span><\/span>\n<div class=\"wpcf7 no-js\" id=\"wpcf7-f2311-o1\" lang=\"en-US\" dir=\"ltr\" data-wpcf7-id=\"2311\">\n<div class=\"screen-reader-response\"><p role=\"status\" aria-live=\"polite\" aria-atomic=\"true\"><\/p> <ul><\/ul><\/div>\n<form action=\"\/en\/wp-json\/wp\/v2\/pages\/6762#wpcf7-f2311-o1\" method=\"post\" class=\"wpcf7-form init\" aria-label=\"Contact form\" novalidate=\"novalidate\" data-status=\"init\">\n<fieldset class=\"hidden-fields-container\"><input type=\"hidden\" name=\"_wpcf7\" value=\"2311\" \/><input type=\"hidden\" name=\"_wpcf7_version\" value=\"6.1.5\" \/><input type=\"hidden\" name=\"_wpcf7_locale\" value=\"en_US\" \/><input type=\"hidden\" name=\"_wpcf7_unit_tag\" value=\"wpcf7-f2311-o1\" \/><input type=\"hidden\" name=\"_wpcf7_container_post\" value=\"0\" \/><input type=\"hidden\" name=\"_wpcf7_posted_data_hash\" value=\"\" \/><input type=\"hidden\" name=\"_wpcf7_recaptcha_response\" value=\"\" \/>\n<\/fieldset>\n<p><label> Your name<br \/>\n<span class=\"wpcf7-form-control-wrap\" data-name=\"your-name\"><input size=\"40\" maxlength=\"400\" class=\"wpcf7-form-control wpcf7-text wpcf7-validates-as-required\" aria-required=\"true\" aria-invalid=\"false\" value=\"\" type=\"text\" name=\"your-name\" \/><\/span> <\/label>\n<\/p>\n<p><label> Your email<br \/>\n<span class=\"wpcf7-form-control-wrap\" data-name=\"your-email\"><input size=\"40\" maxlength=\"400\" class=\"wpcf7-form-control wpcf7-email wpcf7-validates-as-required wpcf7-text wpcf7-validates-as-email\" aria-required=\"true\" aria-invalid=\"false\" value=\"\" type=\"email\" name=\"your-email\" \/><\/span> <\/label>\n<\/p>\n<p><label> Your message (optional)<br \/>\n<span class=\"wpcf7-form-control-wrap\" data-name=\"your-message\"><textarea cols=\"40\" rows=\"10\" maxlength=\"2000\" class=\"wpcf7-form-control wpcf7-textarea\" aria-invalid=\"false\" name=\"your-message\"><\/textarea><\/span> <\/label>\n<\/p>\n<p><input class=\"wpcf7-form-control wpcf7-submit has-spinner\" type=\"submit\" value=\"Submit\" \/>\n<\/p><div class=\"wpcf7-response-output\" aria-hidden=\"true\"><\/div>\n<\/form>\n<\/div>\n[\/vc_column][\/vc_row]<\/p>\n<\/section>","protected":false},"excerpt":{"rendered":"<p>[vc_row full_width=&#8221;stretch_row_content_no_spaces&#8221;][vc_column][vc_column_text][\/vc_column_text][\/vc_column][\/vc_row][vc_row][vc_column width=&#8221;1\/2&#8243; css=&#8221;.vc_custom_1618400832805{margin: 30px !important;}&#8221;][vc_custom_heading text=&#8221;Contact&#8221; font_container=&#8221;tag:h2|font_size:36px|text_align:left&#8221; use_theme_fonts=&#8221;yes&#8221;][\/vc_column][vc_column width=&#8221;1\/2&#8243; css=&#8221;.vc_custom_1618400839725{margin: 30px !important;}&#8221;][vc_custom_heading text=&#8221;Contact Us&#8221; font_container=&#8221;tag:h2|font_size:36px|text_align:left&#8221; use_theme_fonts=&#8221;yes&#8221;][\/vc_column][\/vc_row]<\/p>\n","protected":false},"author":1,"featured_media":0,"parent":0,"menu_order":0,"comment_status":"closed","ping_status":"closed","template":"","meta":{"footnotes":""},"class_list":["post-6762","page","type-page","status-publish","hentry"],"_links":{"self":[{"href":"https:\/\/kashifsofa.com\/en\/wp-json\/wp\/v2\/pages\/6762","targetHints":{"allow":["GET"]}}],"collection":[{"href":"https:\/\/kashifsofa.com\/en\/wp-json\/wp\/v2\/pages"}],"about":[{"href":"https:\/\/kashifsofa.com\/en\/wp-json\/wp\/v2\/types\/page"}],"author":[{"embeddable":true,"href":"https:\/\/kashifsofa.com\/en\/wp-json\/wp\/v2\/users\/1"}],"replies":[{"embeddable":true,"href":"https:\/\/kashifsofa.com\/en\/wp-json\/wp\/v2\/comments?post=6762"}],"version-history":[{"count":4,"href":"https:\/\/kashifsofa.com\/en\/wp-json\/wp\/v2\/pages\/6762\/revisions"}],"predecessor-version":[{"id":6766,"href":"https:\/\/kashifsofa.com\/en\/wp-json\/wp\/v2\/pages\/6762\/revisions\/6766"}],"wp:attachment":[{"href":"https:\/\/kashifsofa.com\/en\/wp-json\/wp\/v2\/media?parent=6762"}],"curies":[{"name":"wp","href":"https:\/\/api.w.org\/{rel}","templated":true}]}}