{"id":2092,"date":"2021-10-25T17:46:52","date_gmt":"2021-10-25T15:02:45","guid":{"rendered":"http:\/\/kashifsofa.com\/product\/sahan-kapagi-buyuk\/"},"modified":"2022-08-11T18:51:07","modified_gmt":"2022-08-11T15:51:07","slug":"sahan-kapagi-buyuk","status":"publish","type":"product","link":"https:\/\/kashifsofa.com\/en\/product\/sahan-kapagi-buyuk\/","title":{"rendered":"Copper Lid"},"content":{"rendered":"<p>25x31cm Old Copper Lid<\/p>\n","protected":false},"excerpt":{"rendered":"<p>sahan kapa\u011f\u0131, bak\u0131r, copper 25x31cm<\/p>\n","protected":false},"featured_media":1373,"template":"","meta":[],"product_brand":[],"product_cat":[151,211,144,146,189],"product_tag":[],"class_list":{"0":"post-2092","1":"product","2":"type-product","3":"status-publish","4":"has-post-thumbnail","6":"product_cat-copper","7":"product_cat-copper-metal","8":"product_cat-metal-sculpture-2","9":"product_cat-metal-en-2","10":"product_cat-object","12":"first","13":"onbackorder","14":"purchasable","15":"product-type-simple"},"_links":{"self":[{"href":"https:\/\/kashifsofa.com\/en\/wp-json\/wp\/v2\/product\/2092","targetHints":{"allow":["GET"]}}],"collection":[{"href":"https:\/\/kashifsofa.com\/en\/wp-json\/wp\/v2\/product"}],"about":[{"href":"https:\/\/kashifsofa.com\/en\/wp-json\/wp\/v2\/types\/product"}],"wp:featuredmedia":[{"embeddable":true,"href":"https:\/\/kashifsofa.com\/en\/wp-json\/wp\/v2\/media\/1373"}],"wp:attachment":[{"href":"https:\/\/kashifsofa.com\/en\/wp-json\/wp\/v2\/media?parent=2092"}],"wp:term":[{"taxonomy":"product_brand","embeddable":true,"href":"https:\/\/kashifsofa.com\/en\/wp-json\/wp\/v2\/product_brand?post=2092"},{"taxonomy":"product_cat","embeddable":true,"href":"https:\/\/kashifsofa.com\/en\/wp-json\/wp\/v2\/product_cat?post=2092"},{"taxonomy":"product_tag","embeddable":true,"href":"https:\/\/kashifsofa.com\/en\/wp-json\/wp\/v2\/product_tag?post=2092"}],"curies":[{"name":"wp","href":"https:\/\/api.w.org\/{rel}","templated":true}]}}