{"id":2095,"date":"2021-10-25T17:46:52","date_gmt":"2021-10-25T15:02:45","guid":{"rendered":"http:\/\/kashifsofa.com\/product\/nu-woman-bronze\/"},"modified":"2021-10-25T18:02:47","modified_gmt":"2021-10-25T15:02:47","slug":"nu-woman-bronze","status":"publish","type":"product","link":"https:\/\/kashifsofa.com\/en\/product\/nu-woman-bronze\/","title":{"rendered":"n\u00fc woman bronze"},"content":{"rendered":"<p>Rasim Konyar \u00e7\u0131plak kad\u0131n heykeli bronz 30cm y\u00fckseklik<\/p>\n","protected":false},"excerpt":{"rendered":"<p>Rasim Konyar \u00e7\u0131plak kad\u0131n heykeli bronz 30cm y\u00fckseklik<\/p>\n","protected":false},"featured_media":2801,"template":"","meta":[],"product_brand":[],"product_cat":[145,143],"product_tag":[],"class_list":{"0":"post-2095","1":"product","2":"type-product","3":"status-publish","4":"has-post-thumbnail","6":"product_cat-bronze","7":"product_cat-sculpture","9":"first","10":"instock","11":"purchasable","12":"product-type-simple"},"_links":{"self":[{"href":"https:\/\/kashifsofa.com\/en\/wp-json\/wp\/v2\/product\/2095","targetHints":{"allow":["GET"]}}],"collection":[{"href":"https:\/\/kashifsofa.com\/en\/wp-json\/wp\/v2\/product"}],"about":[{"href":"https:\/\/kashifsofa.com\/en\/wp-json\/wp\/v2\/types\/product"}],"wp:featuredmedia":[{"embeddable":true,"href":"https:\/\/kashifsofa.com\/en\/wp-json\/wp\/v2\/media\/2801"}],"wp:attachment":[{"href":"https:\/\/kashifsofa.com\/en\/wp-json\/wp\/v2\/media?parent=2095"}],"wp:term":[{"taxonomy":"product_brand","embeddable":true,"href":"https:\/\/kashifsofa.com\/en\/wp-json\/wp\/v2\/product_brand?post=2095"},{"taxonomy":"product_cat","embeddable":true,"href":"https:\/\/kashifsofa.com\/en\/wp-json\/wp\/v2\/product_cat?post=2095"},{"taxonomy":"product_tag","embeddable":true,"href":"https:\/\/kashifsofa.com\/en\/wp-json\/wp\/v2\/product_tag?post=2095"}],"curies":[{"name":"wp","href":"https:\/\/api.w.org\/{rel}","templated":true}]}}