{"id":2096,"date":"2021-10-25T17:46:52","date_gmt":"2021-10-25T15:02:45","guid":{"rendered":"http:\/\/kashifsofa.com\/product\/diamond-necklace-1\/"},"modified":"2022-08-09T16:48:25","modified_gmt":"2022-08-09T13:48:25","slug":"diamond-necklace-1","status":"publish","type":"product","link":"https:\/\/kashifsofa.com\/en\/product\/diamond-necklace-1\/","title":{"rendered":"diamond necklace 1"},"content":{"rendered":"<p>p\u0131rlantal\u0131 alt\u0131n kolye, caligraphy<\/p>\n","protected":false},"excerpt":{"rendered":"<p>p\u0131rlantal\u0131 alt\u0131n kolye, caligraphy<\/p>\n","protected":false},"featured_media":3674,"template":"","meta":[],"product_brand":[],"product_cat":[152,154],"product_tag":[],"class_list":{"0":"post-2096","1":"product","2":"type-product","3":"status-publish","4":"has-post-thumbnail","6":"product_cat-jewellery","7":"product_cat-necklace","9":"first","10":"instock","11":"purchasable","12":"product-type-simple"},"_links":{"self":[{"href":"https:\/\/kashifsofa.com\/en\/wp-json\/wp\/v2\/product\/2096","targetHints":{"allow":["GET"]}}],"collection":[{"href":"https:\/\/kashifsofa.com\/en\/wp-json\/wp\/v2\/product"}],"about":[{"href":"https:\/\/kashifsofa.com\/en\/wp-json\/wp\/v2\/types\/product"}],"wp:featuredmedia":[{"embeddable":true,"href":"https:\/\/kashifsofa.com\/en\/wp-json\/wp\/v2\/media\/3674"}],"wp:attachment":[{"href":"https:\/\/kashifsofa.com\/en\/wp-json\/wp\/v2\/media?parent=2096"}],"wp:term":[{"taxonomy":"product_brand","embeddable":true,"href":"https:\/\/kashifsofa.com\/en\/wp-json\/wp\/v2\/product_brand?post=2096"},{"taxonomy":"product_cat","embeddable":true,"href":"https:\/\/kashifsofa.com\/en\/wp-json\/wp\/v2\/product_cat?post=2096"},{"taxonomy":"product_tag","embeddable":true,"href":"https:\/\/kashifsofa.com\/en\/wp-json\/wp\/v2\/product_tag?post=2096"}],"curies":[{"name":"wp","href":"https:\/\/api.w.org\/{rel}","templated":true}]}}