{"id":2099,"date":"2021-10-25T17:46:52","date_gmt":"2021-10-25T15:02:45","guid":{"rendered":"http:\/\/kashifsofa.com\/product\/ring-with-green-caligraphy\/"},"modified":"2022-08-09T16:46:45","modified_gmt":"2022-08-09T13:46:45","slug":"ring-with-green-caligraphy","status":"publish","type":"product","link":"https:\/\/kashifsofa.com\/en\/product\/ring-with-green-caligraphy\/","title":{"rendered":"ring with green caligraphy"},"content":{"rendered":"<p>ye\u015fil ta\u015fl\u0131 hatl\u0131 24k alt\u0131n y\u00fcz\u00fck<\/p>\n","protected":false},"excerpt":{"rendered":"<p>ye\u015fil ta\u015fl\u0131 hatl\u0131 24k alt\u0131n y\u00fcz\u00fck<\/p>\n","protected":false},"featured_media":1391,"template":"","meta":[],"product_brand":[],"product_cat":[152,155],"product_tag":[],"class_list":{"0":"post-2099","1":"product","2":"type-product","3":"status-publish","4":"has-post-thumbnail","6":"product_cat-jewellery","7":"product_cat-ring","9":"first","10":"instock","11":"purchasable","12":"product-type-simple"},"_links":{"self":[{"href":"https:\/\/kashifsofa.com\/en\/wp-json\/wp\/v2\/product\/2099","targetHints":{"allow":["GET"]}}],"collection":[{"href":"https:\/\/kashifsofa.com\/en\/wp-json\/wp\/v2\/product"}],"about":[{"href":"https:\/\/kashifsofa.com\/en\/wp-json\/wp\/v2\/types\/product"}],"wp:featuredmedia":[{"embeddable":true,"href":"https:\/\/kashifsofa.com\/en\/wp-json\/wp\/v2\/media\/1391"}],"wp:attachment":[{"href":"https:\/\/kashifsofa.com\/en\/wp-json\/wp\/v2\/media?parent=2099"}],"wp:term":[{"taxonomy":"product_brand","embeddable":true,"href":"https:\/\/kashifsofa.com\/en\/wp-json\/wp\/v2\/product_brand?post=2099"},{"taxonomy":"product_cat","embeddable":true,"href":"https:\/\/kashifsofa.com\/en\/wp-json\/wp\/v2\/product_cat?post=2099"},{"taxonomy":"product_tag","embeddable":true,"href":"https:\/\/kashifsofa.com\/en\/wp-json\/wp\/v2\/product_tag?post=2099"}],"curies":[{"name":"wp","href":"https:\/\/api.w.org\/{rel}","templated":true}]}}