{"id":2100,"date":"2021-10-25T17:46:52","date_gmt":"2021-10-25T15:02:45","guid":{"rendered":"http:\/\/kashifsofa.com\/product\/gold-selchuk-ring\/"},"modified":"2022-08-09T16:46:46","modified_gmt":"2022-08-09T13:46:46","slug":"gold-selchuk-ring","status":"publish","type":"product","link":"https:\/\/kashifsofa.com\/en\/product\/gold-selchuk-ring\/","title":{"rendered":"gold selchuk ring"},"content":{"rendered":"<p>24k alt\u0131n sel\u00e7uklu fragment y\u00fcz\u00fck<\/p>\n","protected":false},"excerpt":{"rendered":"<p>24k alt\u0131n sel\u00e7uklu fragment y\u00fcz\u00fck<\/p>\n","protected":false},"featured_media":1393,"template":"","meta":[],"product_brand":[],"product_cat":[152,155],"product_tag":[],"class_list":{"0":"post-2100","1":"product","2":"type-product","3":"status-publish","4":"has-post-thumbnail","6":"product_cat-jewellery","7":"product_cat-ring","9":"first","10":"instock","11":"purchasable","12":"product-type-simple"},"_links":{"self":[{"href":"https:\/\/kashifsofa.com\/en\/wp-json\/wp\/v2\/product\/2100","targetHints":{"allow":["GET"]}}],"collection":[{"href":"https:\/\/kashifsofa.com\/en\/wp-json\/wp\/v2\/product"}],"about":[{"href":"https:\/\/kashifsofa.com\/en\/wp-json\/wp\/v2\/types\/product"}],"wp:featuredmedia":[{"embeddable":true,"href":"https:\/\/kashifsofa.com\/en\/wp-json\/wp\/v2\/media\/1393"}],"wp:attachment":[{"href":"https:\/\/kashifsofa.com\/en\/wp-json\/wp\/v2\/media?parent=2100"}],"wp:term":[{"taxonomy":"product_brand","embeddable":true,"href":"https:\/\/kashifsofa.com\/en\/wp-json\/wp\/v2\/product_brand?post=2100"},{"taxonomy":"product_cat","embeddable":true,"href":"https:\/\/kashifsofa.com\/en\/wp-json\/wp\/v2\/product_cat?post=2100"},{"taxonomy":"product_tag","embeddable":true,"href":"https:\/\/kashifsofa.com\/en\/wp-json\/wp\/v2\/product_tag?post=2100"}],"curies":[{"name":"wp","href":"https:\/\/api.w.org\/{rel}","templated":true}]}}