{"id":2116,"date":"2021-10-25T17:47:10","date_gmt":"2021-10-25T15:02:45","guid":{"rendered":"http:\/\/kashifsofa.com\/product\/wrestler-statue-porcelain\/"},"modified":"2022-08-09T16:40:55","modified_gmt":"2022-08-09T13:40:55","slug":"wrestler-statue-porcelain","status":"publish","type":"product","link":"https:\/\/kashifsofa.com\/en\/product\/wrestler-statue-porcelain\/","title":{"rendered":"wrestler statue porcelain"},"content":{"rendered":"<p>Batuhan Y\u00fcce G\u00fcre\u015f\u00e7i heykel porselen millli tak\u0131m erkek, 17x37cm<\/p>\n","protected":false},"excerpt":{"rendered":"<p>Batuhan Y\u00fcce G\u00fcre\u015f\u00e7i heykel porselen millli tak\u0131m erkek, 17x37cm<\/p>\n","protected":false},"featured_media":1463,"template":"","meta":[],"product_brand":[],"product_cat":[162,143],"product_tag":[],"class_list":{"0":"post-2116","1":"product","2":"type-product","3":"status-publish","4":"has-post-thumbnail","6":"product_cat-ceramic-sculpture","7":"product_cat-sculpture","9":"first","10":"instock","11":"purchasable","12":"product-type-simple"},"_links":{"self":[{"href":"https:\/\/kashifsofa.com\/en\/wp-json\/wp\/v2\/product\/2116","targetHints":{"allow":["GET"]}}],"collection":[{"href":"https:\/\/kashifsofa.com\/en\/wp-json\/wp\/v2\/product"}],"about":[{"href":"https:\/\/kashifsofa.com\/en\/wp-json\/wp\/v2\/types\/product"}],"wp:featuredmedia":[{"embeddable":true,"href":"https:\/\/kashifsofa.com\/en\/wp-json\/wp\/v2\/media\/1463"}],"wp:attachment":[{"href":"https:\/\/kashifsofa.com\/en\/wp-json\/wp\/v2\/media?parent=2116"}],"wp:term":[{"taxonomy":"product_brand","embeddable":true,"href":"https:\/\/kashifsofa.com\/en\/wp-json\/wp\/v2\/product_brand?post=2116"},{"taxonomy":"product_cat","embeddable":true,"href":"https:\/\/kashifsofa.com\/en\/wp-json\/wp\/v2\/product_cat?post=2116"},{"taxonomy":"product_tag","embeddable":true,"href":"https:\/\/kashifsofa.com\/en\/wp-json\/wp\/v2\/product_tag?post=2116"}],"curies":[{"name":"wp","href":"https:\/\/api.w.org\/{rel}","templated":true}]}}