{"id":2146,"date":"2021-10-25T17:47:31","date_gmt":"2021-10-25T15:03:09","guid":{"rendered":"http:\/\/kashifsofa.com\/product\/istanbul-engraving\/"},"modified":"2021-10-25T18:03:24","modified_gmt":"2021-10-25T15:03:24","slug":"istanbul-engraving","status":"publish","type":"product","link":"https:\/\/kashifsofa.com\/en\/product\/istanbul-engraving\/","title":{"rendered":"Istanbul engraving"},"content":{"rendered":"<p>\u0130stanbul grav\u00fcr\u00fc, eski, 53x68cm<\/p>\n","protected":false},"excerpt":{"rendered":"<p>\u0130stanbul grav\u00fcr\u00fc, eski, 53x68cm<\/p>\n","protected":false},"featured_media":4085,"template":"","meta":[],"product_brand":[],"product_cat":[174,138],"product_tag":[],"class_list":{"0":"post-2146","1":"product","2":"type-product","3":"status-publish","4":"has-post-thumbnail","6":"product_cat-engraving-print-media","7":"product_cat-print-media","9":"first","10":"instock","11":"purchasable","12":"product-type-simple"},"_links":{"self":[{"href":"https:\/\/kashifsofa.com\/en\/wp-json\/wp\/v2\/product\/2146","targetHints":{"allow":["GET"]}}],"collection":[{"href":"https:\/\/kashifsofa.com\/en\/wp-json\/wp\/v2\/product"}],"about":[{"href":"https:\/\/kashifsofa.com\/en\/wp-json\/wp\/v2\/types\/product"}],"wp:featuredmedia":[{"embeddable":true,"href":"https:\/\/kashifsofa.com\/en\/wp-json\/wp\/v2\/media\/4085"}],"wp:attachment":[{"href":"https:\/\/kashifsofa.com\/en\/wp-json\/wp\/v2\/media?parent=2146"}],"wp:term":[{"taxonomy":"product_brand","embeddable":true,"href":"https:\/\/kashifsofa.com\/en\/wp-json\/wp\/v2\/product_brand?post=2146"},{"taxonomy":"product_cat","embeddable":true,"href":"https:\/\/kashifsofa.com\/en\/wp-json\/wp\/v2\/product_cat?post=2146"},{"taxonomy":"product_tag","embeddable":true,"href":"https:\/\/kashifsofa.com\/en\/wp-json\/wp\/v2\/product_tag?post=2146"}],"curies":[{"name":"wp","href":"https:\/\/api.w.org\/{rel}","templated":true}]}}