{"id":2150,"date":"2021-10-25T17:47:36","date_gmt":"2021-10-25T15:03:28","guid":{"rendered":"http:\/\/kashifsofa.com\/product\/abstract-oil-painting\/"},"modified":"2021-10-25T18:03:29","modified_gmt":"2021-10-25T15:03:29","slug":"abstract-oil-painting","status":"publish","type":"product","link":"https:\/\/kashifsofa.com\/en\/product\/abstract-oil-painting\/","title":{"rendered":"abstract oil painting"},"content":{"rendered":"<p>soyut istanbul sil\u00fceti ya\u011fl\u0131boya 18x24cm<\/p>\n","protected":false},"excerpt":{"rendered":"<p>soyut istanbul sil\u00fceti ya\u011fl\u0131boya 18x24cm<\/p>\n","protected":false},"featured_media":1570,"template":"","meta":[],"product_brand":[],"product_cat":[161,156],"product_tag":[],"class_list":{"0":"post-2150","1":"product","2":"type-product","3":"status-publish","4":"has-post-thumbnail","6":"product_cat-oil-painting","7":"product_cat-painting","9":"first","10":"instock","11":"purchasable","12":"product-type-simple"},"_links":{"self":[{"href":"https:\/\/kashifsofa.com\/en\/wp-json\/wp\/v2\/product\/2150","targetHints":{"allow":["GET"]}}],"collection":[{"href":"https:\/\/kashifsofa.com\/en\/wp-json\/wp\/v2\/product"}],"about":[{"href":"https:\/\/kashifsofa.com\/en\/wp-json\/wp\/v2\/types\/product"}],"wp:featuredmedia":[{"embeddable":true,"href":"https:\/\/kashifsofa.com\/en\/wp-json\/wp\/v2\/media\/1570"}],"wp:attachment":[{"href":"https:\/\/kashifsofa.com\/en\/wp-json\/wp\/v2\/media?parent=2150"}],"wp:term":[{"taxonomy":"product_brand","embeddable":true,"href":"https:\/\/kashifsofa.com\/en\/wp-json\/wp\/v2\/product_brand?post=2150"},{"taxonomy":"product_cat","embeddable":true,"href":"https:\/\/kashifsofa.com\/en\/wp-json\/wp\/v2\/product_cat?post=2150"},{"taxonomy":"product_tag","embeddable":true,"href":"https:\/\/kashifsofa.com\/en\/wp-json\/wp\/v2\/product_tag?post=2150"}],"curies":[{"name":"wp","href":"https:\/\/api.w.org\/{rel}","templated":true}]}}