{"id":2215,"date":"2021-10-25T17:48:16","date_gmt":"2021-10-25T14:48:16","guid":{"rendered":"http:\/\/kashifsofa.com\/product\/pattern\/"},"modified":"2022-12-05T14:26:28","modified_gmt":"2022-12-05T11:26:28","slug":"irem-incedayi-pattern","status":"publish","type":"product","link":"https:\/\/kashifsofa.com\/en\/product\/irem-incedayi-pattern\/","title":{"rendered":"Irem Incedayi Pattern"},"content":{"rendered":"","protected":false},"excerpt":{"rendered":"<p>\u0130rem \u0130nceday\u0131,<\/p>\n<p>30x30cm,<\/p>\n<p>Painting, pattern,<\/p>\n","protected":false},"featured_media":996,"template":"","meta":[],"product_brand":[],"product_cat":[161,156],"product_tag":[],"class_list":{"0":"post-2215","1":"product","2":"type-product","3":"status-publish","4":"has-post-thumbnail","6":"product_cat-oil-painting","7":"product_cat-painting","8":"product_shipping_class-small-package","10":"first","11":"instock","12":"purchasable","13":"product-type-simple"},"_links":{"self":[{"href":"https:\/\/kashifsofa.com\/en\/wp-json\/wp\/v2\/product\/2215","targetHints":{"allow":["GET"]}}],"collection":[{"href":"https:\/\/kashifsofa.com\/en\/wp-json\/wp\/v2\/product"}],"about":[{"href":"https:\/\/kashifsofa.com\/en\/wp-json\/wp\/v2\/types\/product"}],"wp:featuredmedia":[{"embeddable":true,"href":"https:\/\/kashifsofa.com\/en\/wp-json\/wp\/v2\/media\/996"}],"wp:attachment":[{"href":"https:\/\/kashifsofa.com\/en\/wp-json\/wp\/v2\/media?parent=2215"}],"wp:term":[{"taxonomy":"product_brand","embeddable":true,"href":"https:\/\/kashifsofa.com\/en\/wp-json\/wp\/v2\/product_brand?post=2215"},{"taxonomy":"product_cat","embeddable":true,"href":"https:\/\/kashifsofa.com\/en\/wp-json\/wp\/v2\/product_cat?post=2215"},{"taxonomy":"product_tag","embeddable":true,"href":"https:\/\/kashifsofa.com\/en\/wp-json\/wp\/v2\/product_tag?post=2215"}],"curies":[{"name":"wp","href":"https:\/\/api.w.org\/{rel}","templated":true}]}}