{"id":2222,"date":"2021-10-25T17:48:21","date_gmt":"2021-10-25T14:48:21","guid":{"rendered":"http:\/\/kashifsofa.com\/product\/street-engraving\/"},"modified":"2023-02-16T13:36:28","modified_gmt":"2023-02-16T10:36:28","slug":"gravur-sokak","status":"publish","type":"product","link":"https:\/\/kashifsofa.com\/en\/product\/gravur-sokak\/","title":{"rendered":"Grav\u00fcr Sokak"},"content":{"rendered":"<p>30&#215;43.5cm, 2012 Raziye Kubat, numaral\u0131 grav\u00fcr 10\/20<\/p>\n","protected":false},"excerpt":{"rendered":"<p>30&#215;43.5cm, 2012, engraving, grav\u00fcr, painting, Raziye Kubat, resim numaral\u0131 10\/20<\/p>\n","protected":false},"featured_media":1233,"template":"","meta":[],"product_brand":[],"product_cat":[174,138],"product_tag":[],"class_list":{"0":"post-2222","1":"product","2":"type-product","3":"status-publish","4":"has-post-thumbnail","6":"product_cat-engraving-print-media","7":"product_cat-print-media","8":"product_shipping_class-medium-package","10":"first","11":"instock","12":"purchasable","13":"product-type-simple"},"_links":{"self":[{"href":"https:\/\/kashifsofa.com\/en\/wp-json\/wp\/v2\/product\/2222","targetHints":{"allow":["GET"]}}],"collection":[{"href":"https:\/\/kashifsofa.com\/en\/wp-json\/wp\/v2\/product"}],"about":[{"href":"https:\/\/kashifsofa.com\/en\/wp-json\/wp\/v2\/types\/product"}],"wp:featuredmedia":[{"embeddable":true,"href":"https:\/\/kashifsofa.com\/en\/wp-json\/wp\/v2\/media\/1233"}],"wp:attachment":[{"href":"https:\/\/kashifsofa.com\/en\/wp-json\/wp\/v2\/media?parent=2222"}],"wp:term":[{"taxonomy":"product_brand","embeddable":true,"href":"https:\/\/kashifsofa.com\/en\/wp-json\/wp\/v2\/product_brand?post=2222"},{"taxonomy":"product_cat","embeddable":true,"href":"https:\/\/kashifsofa.com\/en\/wp-json\/wp\/v2\/product_cat?post=2222"},{"taxonomy":"product_tag","embeddable":true,"href":"https:\/\/kashifsofa.com\/en\/wp-json\/wp\/v2\/product_tag?post=2222"}],"curies":[{"name":"wp","href":"https:\/\/api.w.org\/{rel}","templated":true}]}}