{"id":2231,"date":"2021-10-25T17:48:28","date_gmt":"2021-10-25T14:48:28","guid":{"rendered":"http:\/\/kashifsofa.com\/product\/orientalist-istanbul-street\/"},"modified":"2023-02-21T11:24:29","modified_gmt":"2023-02-21T08:24:29","slug":"orientalist-istanbul-sokagi","status":"publish","type":"product","link":"https:\/\/kashifsofa.com\/en\/product\/orientalist-istanbul-sokagi\/","title":{"rendered":"Orientalist \u0130stanbul Soka\u011f\u0131"},"content":{"rendered":"<p>60x80cm, Cami, kahve, k\u0131raathane, molla, \u00a0resim, sokak, ya\u011fl\u0131boya<\/p>\n","protected":false},"excerpt":{"rendered":"<p>60x80cm, cami, kahve, k\u0131raathane, molla, mosque, oil painting, orientalist, painting, resim, sokak, street, ya\u011fl\u0131boya<\/p>\n","protected":false},"featured_media":1200,"template":"","meta":[],"product_brand":[],"product_cat":[161,156],"product_tag":[],"class_list":{"0":"post-2231","1":"product","2":"type-product","3":"status-publish","4":"has-post-thumbnail","6":"product_cat-oil-painting","7":"product_cat-painting","8":"product_shipping_class-big-package","10":"first","11":"instock","12":"purchasable","13":"product-type-simple"},"_links":{"self":[{"href":"https:\/\/kashifsofa.com\/en\/wp-json\/wp\/v2\/product\/2231","targetHints":{"allow":["GET"]}}],"collection":[{"href":"https:\/\/kashifsofa.com\/en\/wp-json\/wp\/v2\/product"}],"about":[{"href":"https:\/\/kashifsofa.com\/en\/wp-json\/wp\/v2\/types\/product"}],"wp:featuredmedia":[{"embeddable":true,"href":"https:\/\/kashifsofa.com\/en\/wp-json\/wp\/v2\/media\/1200"}],"wp:attachment":[{"href":"https:\/\/kashifsofa.com\/en\/wp-json\/wp\/v2\/media?parent=2231"}],"wp:term":[{"taxonomy":"product_brand","embeddable":true,"href":"https:\/\/kashifsofa.com\/en\/wp-json\/wp\/v2\/product_brand?post=2231"},{"taxonomy":"product_cat","embeddable":true,"href":"https:\/\/kashifsofa.com\/en\/wp-json\/wp\/v2\/product_cat?post=2231"},{"taxonomy":"product_tag","embeddable":true,"href":"https:\/\/kashifsofa.com\/en\/wp-json\/wp\/v2\/product_tag?post=2231"}],"curies":[{"name":"wp","href":"https:\/\/api.w.org\/{rel}","templated":true}]}}