{"id":2352,"date":"2022-08-02T15:24:05","date_gmt":"2022-08-02T12:24:05","guid":{"rendered":"http:\/\/kashifsofa.com\/?post_type=product&#038;p=2352"},"modified":"2022-12-05T05:19:23","modified_gmt":"2022-12-05T02:19:23","slug":"onyx-stone-gold-ring-5","status":"publish","type":"product","link":"https:\/\/kashifsofa.com\/en\/product\/onyx-stone-gold-ring-5\/","title":{"rendered":"Onyx Stone gold ring 5"},"content":{"rendered":"<p>K\u0131rm\u0131z\u0131 ta\u015fl\u0131 hatl\u0131 24k alt\u0131n y\u00fcz\u00fck<\/p>\n","protected":false},"excerpt":{"rendered":"<p>Onyx Gold Ring<\/p>\n","protected":false},"featured_media":2354,"template":"","meta":[],"product_brand":[],"product_cat":[152,155],"product_tag":[],"class_list":{"0":"post-2352","1":"product","2":"type-product","3":"status-publish","4":"has-post-thumbnail","6":"product_cat-jewellery","7":"product_cat-ring","9":"first","10":"instock","11":"purchasable","12":"product-type-simple"},"_links":{"self":[{"href":"https:\/\/kashifsofa.com\/en\/wp-json\/wp\/v2\/product\/2352","targetHints":{"allow":["GET"]}}],"collection":[{"href":"https:\/\/kashifsofa.com\/en\/wp-json\/wp\/v2\/product"}],"about":[{"href":"https:\/\/kashifsofa.com\/en\/wp-json\/wp\/v2\/types\/product"}],"wp:featuredmedia":[{"embeddable":true,"href":"https:\/\/kashifsofa.com\/en\/wp-json\/wp\/v2\/media\/2354"}],"wp:attachment":[{"href":"https:\/\/kashifsofa.com\/en\/wp-json\/wp\/v2\/media?parent=2352"}],"wp:term":[{"taxonomy":"product_brand","embeddable":true,"href":"https:\/\/kashifsofa.com\/en\/wp-json\/wp\/v2\/product_brand?post=2352"},{"taxonomy":"product_cat","embeddable":true,"href":"https:\/\/kashifsofa.com\/en\/wp-json\/wp\/v2\/product_cat?post=2352"},{"taxonomy":"product_tag","embeddable":true,"href":"https:\/\/kashifsofa.com\/en\/wp-json\/wp\/v2\/product_tag?post=2352"}],"curies":[{"name":"wp","href":"https:\/\/api.w.org\/{rel}","templated":true}]}}