{"id":2558,"date":"2022-08-02T17:55:58","date_gmt":"2022-08-02T14:55:58","guid":{"rendered":"http:\/\/kashifsofa.com\/?post_type=product&#038;p=2558"},"modified":"2023-11-10T17:34:43","modified_gmt":"2023-11-10T14:34:43","slug":"onyx-stone-silver-ring","status":"publish","type":"product","link":"https:\/\/kashifsofa.com\/en\/product\/onyx-stone-silver-ring\/","title":{"rendered":"Onyx Stone Silver Ring"},"content":{"rendered":"","protected":false},"excerpt":{"rendered":"<p><span style=\"color: #000000; font-family: Arial; font-size: small;\">akik, g\u00fcm\u00fc\u015f, y\u00fcz\u00fck<\/span><\/p>\n","protected":false},"featured_media":2560,"template":"","meta":[],"product_brand":[],"product_cat":[152,155],"product_tag":[],"class_list":{"0":"post-2558","1":"product","2":"type-product","3":"status-publish","4":"has-post-thumbnail","6":"product_cat-jewellery","7":"product_cat-ring","9":"first","10":"instock","11":"purchasable","12":"product-type-simple"},"_links":{"self":[{"href":"https:\/\/kashifsofa.com\/en\/wp-json\/wp\/v2\/product\/2558","targetHints":{"allow":["GET"]}}],"collection":[{"href":"https:\/\/kashifsofa.com\/en\/wp-json\/wp\/v2\/product"}],"about":[{"href":"https:\/\/kashifsofa.com\/en\/wp-json\/wp\/v2\/types\/product"}],"wp:featuredmedia":[{"embeddable":true,"href":"https:\/\/kashifsofa.com\/en\/wp-json\/wp\/v2\/media\/2560"}],"wp:attachment":[{"href":"https:\/\/kashifsofa.com\/en\/wp-json\/wp\/v2\/media?parent=2558"}],"wp:term":[{"taxonomy":"product_brand","embeddable":true,"href":"https:\/\/kashifsofa.com\/en\/wp-json\/wp\/v2\/product_brand?post=2558"},{"taxonomy":"product_cat","embeddable":true,"href":"https:\/\/kashifsofa.com\/en\/wp-json\/wp\/v2\/product_cat?post=2558"},{"taxonomy":"product_tag","embeddable":true,"href":"https:\/\/kashifsofa.com\/en\/wp-json\/wp\/v2\/product_tag?post=2558"}],"curies":[{"name":"wp","href":"https:\/\/api.w.org\/{rel}","templated":true}]}}