{"id":2809,"date":"2022-08-03T11:23:20","date_gmt":"2022-08-03T08:23:21","guid":{"rendered":"http:\/\/kashifsofa.com\/?post_type=product&#038;p=2809"},"modified":"2022-08-08T15:22:06","modified_gmt":"2022-08-08T12:22:06","slug":"islemeli-migfer-3","status":"publish","type":"product","link":"https:\/\/kashifsofa.com\/en\/product\/islemeli-migfer-3\/","title":{"rendered":"\u0130\u015flemeli Mi\u011ffer"},"content":{"rendered":"<p>ye\u015fil ta\u015fl\u0131 hatl\u0131 24k alt\u0131n y\u00fcz\u00fck<\/p>\n","protected":false},"excerpt":{"rendered":"<p>ye\u015fil ta\u015fl\u0131 hatl\u0131 24k alt\u0131n y\u00fcz\u00fck<\/p>\n","protected":false},"featured_media":2811,"template":"","meta":[],"product_brand":[],"product_cat":[145,144,143],"product_tag":[],"class_list":{"0":"post-2809","1":"product","2":"type-product","3":"status-publish","4":"has-post-thumbnail","6":"product_cat-bronze","7":"product_cat-metal-sculpture-2","8":"product_cat-sculpture","10":"first","11":"outofstock","12":"purchasable","13":"product-type-simple"},"_links":{"self":[{"href":"https:\/\/kashifsofa.com\/en\/wp-json\/wp\/v2\/product\/2809","targetHints":{"allow":["GET"]}}],"collection":[{"href":"https:\/\/kashifsofa.com\/en\/wp-json\/wp\/v2\/product"}],"about":[{"href":"https:\/\/kashifsofa.com\/en\/wp-json\/wp\/v2\/types\/product"}],"wp:featuredmedia":[{"embeddable":true,"href":"https:\/\/kashifsofa.com\/en\/wp-json\/wp\/v2\/media\/2811"}],"wp:attachment":[{"href":"https:\/\/kashifsofa.com\/en\/wp-json\/wp\/v2\/media?parent=2809"}],"wp:term":[{"taxonomy":"product_brand","embeddable":true,"href":"https:\/\/kashifsofa.com\/en\/wp-json\/wp\/v2\/product_brand?post=2809"},{"taxonomy":"product_cat","embeddable":true,"href":"https:\/\/kashifsofa.com\/en\/wp-json\/wp\/v2\/product_cat?post=2809"},{"taxonomy":"product_tag","embeddable":true,"href":"https:\/\/kashifsofa.com\/en\/wp-json\/wp\/v2\/product_tag?post=2809"}],"curies":[{"name":"wp","href":"https:\/\/api.w.org\/{rel}","templated":true}]}}