{"id":2815,"date":"2022-08-03T11:25:43","date_gmt":"2022-08-03T08:25:44","guid":{"rendered":"http:\/\/kashifsofa.com\/?post_type=product&#038;p=2815"},"modified":"2022-08-08T15:21:46","modified_gmt":"2022-08-08T12:21:46","slug":"islemeli-migfer-2","status":"publish","type":"product","link":"https:\/\/kashifsofa.com\/en\/product\/islemeli-migfer-2\/","title":{"rendered":"\u0130\u015flemeli Mi\u011ffer"},"content":{"rendered":"<p>ye\u015fil ta\u015fl\u0131 hatl\u0131 24k alt\u0131n y\u00fcz\u00fck<\/p>\n","protected":false},"excerpt":{"rendered":"<p>ye\u015fil ta\u015fl\u0131 hatl\u0131 24k alt\u0131n y\u00fcz\u00fck<\/p>\n","protected":false},"featured_media":2817,"template":"","meta":[],"product_brand":[],"product_cat":[145,144,143],"product_tag":[],"class_list":{"0":"post-2815","1":"product","2":"type-product","3":"status-publish","4":"has-post-thumbnail","6":"product_cat-bronze","7":"product_cat-metal-sculpture-2","8":"product_cat-sculpture","10":"first","11":"outofstock","12":"purchasable","13":"product-type-simple"},"_links":{"self":[{"href":"https:\/\/kashifsofa.com\/en\/wp-json\/wp\/v2\/product\/2815","targetHints":{"allow":["GET"]}}],"collection":[{"href":"https:\/\/kashifsofa.com\/en\/wp-json\/wp\/v2\/product"}],"about":[{"href":"https:\/\/kashifsofa.com\/en\/wp-json\/wp\/v2\/types\/product"}],"wp:featuredmedia":[{"embeddable":true,"href":"https:\/\/kashifsofa.com\/en\/wp-json\/wp\/v2\/media\/2817"}],"wp:attachment":[{"href":"https:\/\/kashifsofa.com\/en\/wp-json\/wp\/v2\/media?parent=2815"}],"wp:term":[{"taxonomy":"product_brand","embeddable":true,"href":"https:\/\/kashifsofa.com\/en\/wp-json\/wp\/v2\/product_brand?post=2815"},{"taxonomy":"product_cat","embeddable":true,"href":"https:\/\/kashifsofa.com\/en\/wp-json\/wp\/v2\/product_cat?post=2815"},{"taxonomy":"product_tag","embeddable":true,"href":"https:\/\/kashifsofa.com\/en\/wp-json\/wp\/v2\/product_tag?post=2815"}],"curies":[{"name":"wp","href":"https:\/\/api.w.org\/{rel}","templated":true}]}}