{"id":2819,"date":"2022-08-03T11:27:08","date_gmt":"2022-08-03T08:27:08","guid":{"rendered":"http:\/\/kashifsofa.com\/?post_type=product&#038;p=2819"},"modified":"2022-08-08T15:21:40","modified_gmt":"2022-08-08T12:21:40","slug":"islemeli-migfer","status":"publish","type":"product","link":"https:\/\/kashifsofa.com\/en\/product\/islemeli-migfer\/","title":{"rendered":"\u0130\u015flemeli Mi\u011ffer"},"content":{"rendered":"<p>ye\u015fil ta\u015fl\u0131 hatl\u0131 24k alt\u0131n y\u00fcz\u00fck<\/p>\n","protected":false},"excerpt":{"rendered":"<p>ye\u015fil ta\u015fl\u0131 hatl\u0131 24k alt\u0131n y\u00fcz\u00fck<\/p>\n","protected":false},"featured_media":2821,"template":"","meta":[],"product_brand":[],"product_cat":[145,144,143],"product_tag":[],"class_list":{"0":"post-2819","1":"product","2":"type-product","3":"status-publish","4":"has-post-thumbnail","6":"product_cat-bronze","7":"product_cat-metal-sculpture-2","8":"product_cat-sculpture","10":"first","11":"outofstock","12":"purchasable","13":"product-type-simple"},"_links":{"self":[{"href":"https:\/\/kashifsofa.com\/en\/wp-json\/wp\/v2\/product\/2819","targetHints":{"allow":["GET"]}}],"collection":[{"href":"https:\/\/kashifsofa.com\/en\/wp-json\/wp\/v2\/product"}],"about":[{"href":"https:\/\/kashifsofa.com\/en\/wp-json\/wp\/v2\/types\/product"}],"wp:featuredmedia":[{"embeddable":true,"href":"https:\/\/kashifsofa.com\/en\/wp-json\/wp\/v2\/media\/2821"}],"wp:attachment":[{"href":"https:\/\/kashifsofa.com\/en\/wp-json\/wp\/v2\/media?parent=2819"}],"wp:term":[{"taxonomy":"product_brand","embeddable":true,"href":"https:\/\/kashifsofa.com\/en\/wp-json\/wp\/v2\/product_brand?post=2819"},{"taxonomy":"product_cat","embeddable":true,"href":"https:\/\/kashifsofa.com\/en\/wp-json\/wp\/v2\/product_cat?post=2819"},{"taxonomy":"product_tag","embeddable":true,"href":"https:\/\/kashifsofa.com\/en\/wp-json\/wp\/v2\/product_tag?post=2819"}],"curies":[{"name":"wp","href":"https:\/\/api.w.org\/{rel}","templated":true}]}}