{"id":3194,"date":"2022-08-08T10:55:07","date_gmt":"2022-08-08T07:55:07","guid":{"rendered":"http:\/\/kashifsofa.com\/?post_type=product&#038;p=3194"},"modified":"2022-11-24T15:15:46","modified_gmt":"2022-11-24T12:15:46","slug":"bulent-demirag-bronze-dervishes","status":"publish","type":"product","link":"https:\/\/kashifsofa.com\/en\/product\/bulent-demirag-bronze-dervishes\/","title":{"rendered":"B\u00fclent Demira\u011f Bronze Dervishes"},"content":{"rendered":"","protected":false},"excerpt":{"rendered":"<p>B\u00fclent Demira\u011f<\/p>\n<p>Bronz Dervishes<\/p>\n<p>12x23x75cm<\/p>\n<p>Handmade<\/p>\n","protected":false},"featured_media":3198,"template":"","meta":[],"product_brand":[],"product_cat":[145,150,189,143],"product_tag":[],"class_list":{"0":"post-3194","1":"product","2":"type-product","3":"status-publish","4":"has-post-thumbnail","6":"product_cat-bronze","7":"product_cat-curiosity","8":"product_cat-object","9":"product_cat-sculpture","10":"product_shipping_class-big-package","12":"first","13":"instock","14":"purchasable","15":"product-type-simple"},"_links":{"self":[{"href":"https:\/\/kashifsofa.com\/en\/wp-json\/wp\/v2\/product\/3194","targetHints":{"allow":["GET"]}}],"collection":[{"href":"https:\/\/kashifsofa.com\/en\/wp-json\/wp\/v2\/product"}],"about":[{"href":"https:\/\/kashifsofa.com\/en\/wp-json\/wp\/v2\/types\/product"}],"wp:featuredmedia":[{"embeddable":true,"href":"https:\/\/kashifsofa.com\/en\/wp-json\/wp\/v2\/media\/3198"}],"wp:attachment":[{"href":"https:\/\/kashifsofa.com\/en\/wp-json\/wp\/v2\/media?parent=3194"}],"wp:term":[{"taxonomy":"product_brand","embeddable":true,"href":"https:\/\/kashifsofa.com\/en\/wp-json\/wp\/v2\/product_brand?post=3194"},{"taxonomy":"product_cat","embeddable":true,"href":"https:\/\/kashifsofa.com\/en\/wp-json\/wp\/v2\/product_cat?post=3194"},{"taxonomy":"product_tag","embeddable":true,"href":"https:\/\/kashifsofa.com\/en\/wp-json\/wp\/v2\/product_tag?post=3194"}],"curies":[{"name":"wp","href":"https:\/\/api.w.org\/{rel}","templated":true}]}}