{"id":3219,"date":"2022-08-08T11:01:38","date_gmt":"2022-08-08T08:01:38","guid":{"rendered":"http:\/\/kashifsofa.com\/?post_type=product&#038;p=3219"},"modified":"2022-08-08T14:41:16","modified_gmt":"2022-08-08T11:41:16","slug":"islemeli-seramik","status":"publish","type":"product","link":"https:\/\/kashifsofa.com\/en\/product\/islemeli-seramik\/","title":{"rendered":"\u0130\u015flemeli Seramik"},"content":{"rendered":"<p>\u0130\u015flemeli Seramik<\/p>\n","protected":false},"excerpt":{"rendered":"<p>\u0130\u015flemeli Seramik<\/p>\n","protected":false},"featured_media":3221,"template":"","meta":[],"product_brand":[],"product_cat":[183,162,150,189,143],"product_tag":[],"class_list":{"0":"post-3219","1":"product","2":"type-product","3":"status-publish","4":"has-post-thumbnail","6":"product_cat-ceramic","7":"product_cat-ceramic-sculpture","8":"product_cat-curiosity","9":"product_cat-object","10":"product_cat-sculpture","12":"first","13":"outofstock","14":"purchasable","15":"product-type-simple"},"_links":{"self":[{"href":"https:\/\/kashifsofa.com\/en\/wp-json\/wp\/v2\/product\/3219","targetHints":{"allow":["GET"]}}],"collection":[{"href":"https:\/\/kashifsofa.com\/en\/wp-json\/wp\/v2\/product"}],"about":[{"href":"https:\/\/kashifsofa.com\/en\/wp-json\/wp\/v2\/types\/product"}],"wp:featuredmedia":[{"embeddable":true,"href":"https:\/\/kashifsofa.com\/en\/wp-json\/wp\/v2\/media\/3221"}],"wp:attachment":[{"href":"https:\/\/kashifsofa.com\/en\/wp-json\/wp\/v2\/media?parent=3219"}],"wp:term":[{"taxonomy":"product_brand","embeddable":true,"href":"https:\/\/kashifsofa.com\/en\/wp-json\/wp\/v2\/product_brand?post=3219"},{"taxonomy":"product_cat","embeddable":true,"href":"https:\/\/kashifsofa.com\/en\/wp-json\/wp\/v2\/product_cat?post=3219"},{"taxonomy":"product_tag","embeddable":true,"href":"https:\/\/kashifsofa.com\/en\/wp-json\/wp\/v2\/product_tag?post=3219"}],"curies":[{"name":"wp","href":"https:\/\/api.w.org\/{rel}","templated":true}]}}