{"id":3256,"date":"2022-08-08T11:48:45","date_gmt":"2022-08-08T08:48:45","guid":{"rendered":"http:\/\/kashifsofa.com\/?post_type=product&#038;p=3256"},"modified":"2022-12-07T14:52:38","modified_gmt":"2022-12-07T11:52:38","slug":"snowy-istanbul-2","status":"publish","type":"product","link":"https:\/\/kashifsofa.com\/en\/product\/snowy-istanbul-2\/","title":{"rendered":"Snowy \u0130stanbul"},"content":{"rendered":"","protected":false},"excerpt":{"rendered":"<p>Ne\u015fet D\u00fcndar<\/p>\n<p>71x81cm<\/p>\n<p>\u00c7emberlita\u015f,Snow,<\/p>\n","protected":false},"featured_media":3258,"template":"","meta":[],"product_brand":[],"product_cat":[161,156],"product_tag":[],"class_list":{"0":"post-3256","1":"product","2":"type-product","3":"status-publish","4":"has-post-thumbnail","6":"product_cat-oil-painting","7":"product_cat-painting","9":"first","10":"instock","11":"purchasable","12":"product-type-simple"},"_links":{"self":[{"href":"https:\/\/kashifsofa.com\/en\/wp-json\/wp\/v2\/product\/3256","targetHints":{"allow":["GET"]}}],"collection":[{"href":"https:\/\/kashifsofa.com\/en\/wp-json\/wp\/v2\/product"}],"about":[{"href":"https:\/\/kashifsofa.com\/en\/wp-json\/wp\/v2\/types\/product"}],"wp:featuredmedia":[{"embeddable":true,"href":"https:\/\/kashifsofa.com\/en\/wp-json\/wp\/v2\/media\/3258"}],"wp:attachment":[{"href":"https:\/\/kashifsofa.com\/en\/wp-json\/wp\/v2\/media?parent=3256"}],"wp:term":[{"taxonomy":"product_brand","embeddable":true,"href":"https:\/\/kashifsofa.com\/en\/wp-json\/wp\/v2\/product_brand?post=3256"},{"taxonomy":"product_cat","embeddable":true,"href":"https:\/\/kashifsofa.com\/en\/wp-json\/wp\/v2\/product_cat?post=3256"},{"taxonomy":"product_tag","embeddable":true,"href":"https:\/\/kashifsofa.com\/en\/wp-json\/wp\/v2\/product_tag?post=3256"}],"curies":[{"name":"wp","href":"https:\/\/api.w.org\/{rel}","templated":true}]}}