{"id":3320,"date":"2022-08-08T12:08:05","date_gmt":"2022-08-08T09:08:05","guid":{"rendered":"http:\/\/kashifsofa.com\/?post_type=product&#038;p=3320"},"modified":"2023-11-10T15:33:27","modified_gmt":"2023-11-10T12:33:27","slug":"iram-incedayi-oil-painting","status":"publish","type":"product","link":"https:\/\/kashifsofa.com\/en\/product\/iram-incedayi-oil-painting\/","title":{"rendered":"Irem Inceday\u0131 Oil Painting"},"content":{"rendered":"","protected":false},"excerpt":{"rendered":"<p>90x100cm,<\/p>\n<p>\u0130rem \u0130nceday\u0131,<\/p>\n<p>Contemporary, mosque, painting, abstract<\/p>\n","protected":false},"featured_media":3322,"template":"","meta":[],"product_brand":[],"product_cat":[161,156],"product_tag":[],"class_list":{"0":"post-3320","1":"product","2":"type-product","3":"status-publish","4":"has-post-thumbnail","6":"product_cat-oil-painting","7":"product_cat-painting","9":"first","10":"instock","11":"purchasable","12":"product-type-simple"},"_links":{"self":[{"href":"https:\/\/kashifsofa.com\/en\/wp-json\/wp\/v2\/product\/3320","targetHints":{"allow":["GET"]}}],"collection":[{"href":"https:\/\/kashifsofa.com\/en\/wp-json\/wp\/v2\/product"}],"about":[{"href":"https:\/\/kashifsofa.com\/en\/wp-json\/wp\/v2\/types\/product"}],"wp:featuredmedia":[{"embeddable":true,"href":"https:\/\/kashifsofa.com\/en\/wp-json\/wp\/v2\/media\/3322"}],"wp:attachment":[{"href":"https:\/\/kashifsofa.com\/en\/wp-json\/wp\/v2\/media?parent=3320"}],"wp:term":[{"taxonomy":"product_brand","embeddable":true,"href":"https:\/\/kashifsofa.com\/en\/wp-json\/wp\/v2\/product_brand?post=3320"},{"taxonomy":"product_cat","embeddable":true,"href":"https:\/\/kashifsofa.com\/en\/wp-json\/wp\/v2\/product_cat?post=3320"},{"taxonomy":"product_tag","embeddable":true,"href":"https:\/\/kashifsofa.com\/en\/wp-json\/wp\/v2\/product_tag?post=3320"}],"curies":[{"name":"wp","href":"https:\/\/api.w.org\/{rel}","templated":true}]}}