{"id":3444,"date":"2022-08-08T13:20:55","date_gmt":"2022-08-08T10:20:55","guid":{"rendered":"http:\/\/kashifsofa.com\/?post_type=product&#038;p=3444"},"modified":"2022-11-21T21:10:54","modified_gmt":"2022-11-21T18:10:54","slug":"zf-screen-printing-7","status":"publish","type":"product","link":"https:\/\/kashifsofa.com\/en\/product\/zf-screen-printing-7\/","title":{"rendered":"ZF Screen Printing"},"content":{"rendered":"","protected":false},"excerpt":{"rendered":"<p>Zeki F\u0131nd\u0131ko\u011flu<\/p>\n<p>61x82cm,<\/p>\n<p>Blue Mountain<\/p>\n<p>Screen Printing, blue, flower, mountains, new, numbered, signed, numbered 3\/25<\/p>\n","protected":false},"featured_media":3446,"template":"","meta":[],"product_brand":[],"product_cat":[138,179],"product_tag":[],"class_list":{"0":"post-3444","1":"product","2":"type-product","3":"status-publish","4":"has-post-thumbnail","6":"product_cat-print-media","7":"product_cat-serigraphy-print-media","9":"first","10":"instock","11":"purchasable","12":"product-type-simple"},"_links":{"self":[{"href":"https:\/\/kashifsofa.com\/en\/wp-json\/wp\/v2\/product\/3444","targetHints":{"allow":["GET"]}}],"collection":[{"href":"https:\/\/kashifsofa.com\/en\/wp-json\/wp\/v2\/product"}],"about":[{"href":"https:\/\/kashifsofa.com\/en\/wp-json\/wp\/v2\/types\/product"}],"wp:featuredmedia":[{"embeddable":true,"href":"https:\/\/kashifsofa.com\/en\/wp-json\/wp\/v2\/media\/3446"}],"wp:attachment":[{"href":"https:\/\/kashifsofa.com\/en\/wp-json\/wp\/v2\/media?parent=3444"}],"wp:term":[{"taxonomy":"product_brand","embeddable":true,"href":"https:\/\/kashifsofa.com\/en\/wp-json\/wp\/v2\/product_brand?post=3444"},{"taxonomy":"product_cat","embeddable":true,"href":"https:\/\/kashifsofa.com\/en\/wp-json\/wp\/v2\/product_cat?post=3444"},{"taxonomy":"product_tag","embeddable":true,"href":"https:\/\/kashifsofa.com\/en\/wp-json\/wp\/v2\/product_tag?post=3444"}],"curies":[{"name":"wp","href":"https:\/\/api.w.org\/{rel}","templated":true}]}}