{"id":3468,"date":"2022-08-08T13:29:34","date_gmt":"2022-08-08T10:29:34","guid":{"rendered":"http:\/\/kashifsofa.com\/?post_type=product&#038;p=3468"},"modified":"2023-11-09T16:16:27","modified_gmt":"2023-11-09T13:16:27","slug":"zf-screen-printing-4","status":"publish","type":"product","link":"https:\/\/kashifsofa.com\/en\/product\/zf-screen-printing-4\/","title":{"rendered":"ZF Screen Printing"},"content":{"rendered":"","protected":false},"excerpt":{"rendered":"<p>Zeki F\u0131nd\u0131ko\u011flu<\/p>\n<p>Conversations<\/p>\n<p>29x45cm,<\/p>\n<p>Screen Printing,flower, night, women, \u00a039\/100<\/p>\n","protected":false},"featured_media":3470,"template":"","meta":[],"product_brand":[],"product_cat":[174,138],"product_tag":[],"class_list":{"0":"post-3468","1":"product","2":"type-product","3":"status-publish","4":"has-post-thumbnail","6":"product_cat-engraving-print-media","7":"product_cat-print-media","9":"first","10":"instock","11":"purchasable","12":"product-type-simple"},"_links":{"self":[{"href":"https:\/\/kashifsofa.com\/en\/wp-json\/wp\/v2\/product\/3468","targetHints":{"allow":["GET"]}}],"collection":[{"href":"https:\/\/kashifsofa.com\/en\/wp-json\/wp\/v2\/product"}],"about":[{"href":"https:\/\/kashifsofa.com\/en\/wp-json\/wp\/v2\/types\/product"}],"wp:featuredmedia":[{"embeddable":true,"href":"https:\/\/kashifsofa.com\/en\/wp-json\/wp\/v2\/media\/3470"}],"wp:attachment":[{"href":"https:\/\/kashifsofa.com\/en\/wp-json\/wp\/v2\/media?parent=3468"}],"wp:term":[{"taxonomy":"product_brand","embeddable":true,"href":"https:\/\/kashifsofa.com\/en\/wp-json\/wp\/v2\/product_brand?post=3468"},{"taxonomy":"product_cat","embeddable":true,"href":"https:\/\/kashifsofa.com\/en\/wp-json\/wp\/v2\/product_cat?post=3468"},{"taxonomy":"product_tag","embeddable":true,"href":"https:\/\/kashifsofa.com\/en\/wp-json\/wp\/v2\/product_tag?post=3468"}],"curies":[{"name":"wp","href":"https:\/\/api.w.org\/{rel}","templated":true}]}}