{"id":3472,"date":"2022-08-08T13:30:52","date_gmt":"2022-08-08T10:30:52","guid":{"rendered":"http:\/\/kashifsofa.com\/?post_type=product&#038;p=3472"},"modified":"2023-11-09T16:12:18","modified_gmt":"2023-11-09T13:12:18","slug":"zf-screen-printing-3","status":"publish","type":"product","link":"https:\/\/kashifsofa.com\/en\/product\/zf-screen-printing-3\/","title":{"rendered":"ZF Screen Printing"},"content":{"rendered":"","protected":false},"excerpt":{"rendered":"<p>Zeki F\u0131nd\u0131ko\u011flu<\/p>\n<p>Musicians<\/p>\n<p>45x59cm,<\/p>\n<p>Screen Printing, musicians, numbered 9\/100<\/p>\n","protected":false},"featured_media":3474,"template":"","meta":[],"product_brand":[],"product_cat":[174,138],"product_tag":[],"class_list":{"0":"post-3472","1":"product","2":"type-product","3":"status-publish","4":"has-post-thumbnail","6":"product_cat-engraving-print-media","7":"product_cat-print-media","9":"first","10":"instock","11":"purchasable","12":"product-type-simple"},"_links":{"self":[{"href":"https:\/\/kashifsofa.com\/en\/wp-json\/wp\/v2\/product\/3472","targetHints":{"allow":["GET"]}}],"collection":[{"href":"https:\/\/kashifsofa.com\/en\/wp-json\/wp\/v2\/product"}],"about":[{"href":"https:\/\/kashifsofa.com\/en\/wp-json\/wp\/v2\/types\/product"}],"wp:featuredmedia":[{"embeddable":true,"href":"https:\/\/kashifsofa.com\/en\/wp-json\/wp\/v2\/media\/3474"}],"wp:attachment":[{"href":"https:\/\/kashifsofa.com\/en\/wp-json\/wp\/v2\/media?parent=3472"}],"wp:term":[{"taxonomy":"product_brand","embeddable":true,"href":"https:\/\/kashifsofa.com\/en\/wp-json\/wp\/v2\/product_brand?post=3472"},{"taxonomy":"product_cat","embeddable":true,"href":"https:\/\/kashifsofa.com\/en\/wp-json\/wp\/v2\/product_cat?post=3472"},{"taxonomy":"product_tag","embeddable":true,"href":"https:\/\/kashifsofa.com\/en\/wp-json\/wp\/v2\/product_tag?post=3472"}],"curies":[{"name":"wp","href":"https:\/\/api.w.org\/{rel}","templated":true}]}}