{"id":3476,"date":"2022-08-08T13:34:01","date_gmt":"2022-08-08T10:34:01","guid":{"rendered":"http:\/\/kashifsofa.com\/?post_type=product&#038;p=3476"},"modified":"2023-11-09T15:52:53","modified_gmt":"2023-11-09T12:52:53","slug":"zf-screen-printing-2","status":"publish","type":"product","link":"https:\/\/kashifsofa.com\/en\/product\/zf-screen-printing-2\/","title":{"rendered":"ZF Screen Printing"},"content":{"rendered":"","protected":false},"excerpt":{"rendered":"<p>Zeki F\u0131nd\u0131ko\u011flu<\/p>\n<p>Good Times<\/p>\n<p>45x59cm,<\/p>\n<p>Screen Printing, \u00a0numbered 15\/65<\/p>\n","protected":false},"featured_media":3478,"template":"","meta":[],"product_brand":[],"product_cat":[174,138],"product_tag":[],"class_list":{"0":"post-3476","1":"product","2":"type-product","3":"status-publish","4":"has-post-thumbnail","6":"product_cat-engraving-print-media","7":"product_cat-print-media","9":"first","10":"instock","11":"purchasable","12":"product-type-simple"},"_links":{"self":[{"href":"https:\/\/kashifsofa.com\/en\/wp-json\/wp\/v2\/product\/3476","targetHints":{"allow":["GET"]}}],"collection":[{"href":"https:\/\/kashifsofa.com\/en\/wp-json\/wp\/v2\/product"}],"about":[{"href":"https:\/\/kashifsofa.com\/en\/wp-json\/wp\/v2\/types\/product"}],"wp:featuredmedia":[{"embeddable":true,"href":"https:\/\/kashifsofa.com\/en\/wp-json\/wp\/v2\/media\/3478"}],"wp:attachment":[{"href":"https:\/\/kashifsofa.com\/en\/wp-json\/wp\/v2\/media?parent=3476"}],"wp:term":[{"taxonomy":"product_brand","embeddable":true,"href":"https:\/\/kashifsofa.com\/en\/wp-json\/wp\/v2\/product_brand?post=3476"},{"taxonomy":"product_cat","embeddable":true,"href":"https:\/\/kashifsofa.com\/en\/wp-json\/wp\/v2\/product_cat?post=3476"},{"taxonomy":"product_tag","embeddable":true,"href":"https:\/\/kashifsofa.com\/en\/wp-json\/wp\/v2\/product_tag?post=3476"}],"curies":[{"name":"wp","href":"https:\/\/api.w.org\/{rel}","templated":true}]}}