{"id":3763,"date":"2022-09-21T16:13:58","date_gmt":"2022-09-21T13:13:59","guid":{"rendered":"http:\/\/kashifsofa.com\/?post_type=product&#038;p=3763"},"modified":"2022-11-09T17:20:30","modified_gmt":"2022-11-09T14:20:30","slug":"diamond-necklace-1-kopya-3","status":"publish","type":"product","link":"https:\/\/kashifsofa.com\/en\/product\/diamond-necklace-1-kopya-3\/","title":{"rendered":"diamond necklace 3"},"content":{"rendered":"<p>diamond and gold cross, caligraphy<\/p>\n","protected":false},"excerpt":{"rendered":"<p>p\u0131rlantal\u0131 alt\u0131n kolye, caligraphy<\/p>\n","protected":false},"featured_media":3680,"template":"","meta":[],"product_brand":[],"product_cat":[152,154],"product_tag":[],"class_list":{"0":"post-3763","1":"product","2":"type-product","3":"status-publish","4":"has-post-thumbnail","6":"product_cat-jewellery","7":"product_cat-necklace","9":"first","10":"instock","11":"purchasable","12":"product-type-simple"},"_links":{"self":[{"href":"https:\/\/kashifsofa.com\/en\/wp-json\/wp\/v2\/product\/3763","targetHints":{"allow":["GET"]}}],"collection":[{"href":"https:\/\/kashifsofa.com\/en\/wp-json\/wp\/v2\/product"}],"about":[{"href":"https:\/\/kashifsofa.com\/en\/wp-json\/wp\/v2\/types\/product"}],"wp:featuredmedia":[{"embeddable":true,"href":"https:\/\/kashifsofa.com\/en\/wp-json\/wp\/v2\/media\/3680"}],"wp:attachment":[{"href":"https:\/\/kashifsofa.com\/en\/wp-json\/wp\/v2\/media?parent=3763"}],"wp:term":[{"taxonomy":"product_brand","embeddable":true,"href":"https:\/\/kashifsofa.com\/en\/wp-json\/wp\/v2\/product_brand?post=3763"},{"taxonomy":"product_cat","embeddable":true,"href":"https:\/\/kashifsofa.com\/en\/wp-json\/wp\/v2\/product_cat?post=3763"},{"taxonomy":"product_tag","embeddable":true,"href":"https:\/\/kashifsofa.com\/en\/wp-json\/wp\/v2\/product_tag?post=3763"}],"curies":[{"name":"wp","href":"https:\/\/api.w.org\/{rel}","templated":true}]}}